{"id":346,"date":"2023-11-07T18:42:08","date_gmt":"2023-11-07T18:42:08","guid":{"rendered":"https:\/\/ceades.com.br\/site\/?page_id=346"},"modified":"2026-02-13T20:46:39","modified_gmt":"2026-02-13T20:46:39","slug":"diretoria","status":"publish","type":"page","link":"https:\/\/ceades.com.br\/site\/?page_id=346","title":{"rendered":"Diretoria"},"content":{"rendered":"\t\t<div data-elementor-type=\"wp-page\" data-elementor-id=\"346\" class=\"elementor elementor-346\">\n\t\t\t\t\t\t\t<div class=\"elementor-element elementor-element-bbee1f3 e-con-full e-flex e-con e-parent\" data-id=\"bbee1f3\" data-element_type=\"container\" data-settings=\"{&quot;content_width&quot;:&quot;full&quot;}\" data-core-v316-plus=\"true\">\n\t\t\t\t<div class=\"elementor-element elementor-element-49bfd62 elementor-arrows-position-inside elementor-widget elementor-widget-image-carousel\" data-id=\"49bfd62\" data-element_type=\"widget\" data-settings=\"{&quot;slides_to_show&quot;:&quot;1&quot;,&quot;navigation&quot;:&quot;arrows&quot;,&quot;pause_on_hover&quot;:&quot;no&quot;,&quot;pause_on_interaction&quot;:&quot;no&quot;,&quot;autoplay&quot;:&quot;yes&quot;,&quot;autoplay_speed&quot;:5000,&quot;infinite&quot;:&quot;yes&quot;,&quot;effect&quot;:&quot;slide&quot;,&quot;speed&quot;:500}\" data-widget_type=\"image-carousel.default\">\n\t\t\t\t<div class=\"elementor-widget-container\">\n\t\t\t<style>\/*! elementor - v3.16.0 - 20-09-2023 *\/\n.elementor-widget-image-carousel .swiper,.elementor-widget-image-carousel .swiper-container{position:static}.elementor-widget-image-carousel .swiper-container .swiper-slide figure,.elementor-widget-image-carousel .swiper .swiper-slide figure{line-height:inherit}.elementor-widget-image-carousel .swiper-slide{text-align:center}.elementor-image-carousel-wrapper:not(.swiper-container-initialized):not(.swiper-initialized) .swiper-slide{max-width:calc(100% \/ var(--e-image-carousel-slides-to-show, 3))}<\/style>\t\t<div class=\"elementor-image-carousel-wrapper swiper\" dir=\"ltr\">\n\t\t\t<div class=\"elementor-image-carousel swiper-wrapper swiper-image-stretch\" aria-live=\"off\">\n\t\t\t\t\t\t\t\t<div class=\"swiper-slide\" role=\"group\" aria-roledescription=\"slide\" aria-label=\"1 of 1\"><figure class=\"swiper-slide-inner\"><img decoding=\"async\" class=\"swiper-slide-image\" src=\"https:\/\/ceades.com.br\/site\/wp-content\/uploads\/2026\/02\/M13.webp\" alt=\"M13\" \/><\/figure><\/div>\t\t\t<\/div>\n\t\t\t\t\t<\/div>\n\t\t\t\t<\/div>\n\t\t\t\t<\/div>\n\t\t\t\t<\/div>\n\t\t<div class=\"elementor-element elementor-element-c5732a9 e-flex e-con-boxed e-con e-parent\" data-id=\"c5732a9\" data-element_type=\"container\" data-settings=\"{&quot;content_width&quot;:&quot;boxed&quot;}\" data-core-v316-plus=\"true\">\n\t\t\t\t\t<div class=\"e-con-inner\">\n\t\t<div class=\"elementor-element elementor-element-7b513ff e-con-full e-flex e-con e-child\" data-id=\"7b513ff\" data-element_type=\"container\" data-settings=\"{&quot;content_width&quot;:&quot;full&quot;}\">\n\t\t<div class=\"elementor-element elementor-element-3c482d6 e-flex e-con-boxed e-con e-child\" data-id=\"3c482d6\" data-element_type=\"container\" data-settings=\"{&quot;content_width&quot;:&quot;boxed&quot;}\">\n\t\t\t\t\t<div class=\"e-con-inner\">\n\t\t\t\t<div class=\"elementor-element elementor-element-22fe856 elementor-widget elementor-widget-image\" data-id=\"22fe856\" data-element_type=\"widget\" data-widget_type=\"image.default\">\n\t\t\t\t<div class=\"elementor-widget-container\">\n\t\t\t<style>\/*! elementor - v3.16.0 - 20-09-2023 *\/\n.elementor-widget-image{text-align:center}.elementor-widget-image a{display:inline-block}.elementor-widget-image a img[src$=\".svg\"]{width:48px}.elementor-widget-image img{vertical-align:middle;display:inline-block}<\/style>\t\t\t\t\t\t\t\t\t\t\t\t<img loading=\"lazy\" decoding=\"async\" width=\"800\" height=\"832\" src=\"https:\/\/ceades.com.br\/site\/wp-content\/uploads\/2026\/02\/FOTO-DA-MESA-DIRETORA.webp\" class=\"attachment-large size-large wp-image-4049\" alt=\"\" srcset=\"https:\/\/ceades.com.br\/site\/wp-content\/uploads\/2026\/02\/FOTO-DA-MESA-DIRETORA.webp 852w, https:\/\/ceades.com.br\/site\/wp-content\/uploads\/2026\/02\/FOTO-DA-MESA-DIRETORA-288x300.webp 288w, https:\/\/ceades.com.br\/site\/wp-content\/uploads\/2026\/02\/FOTO-DA-MESA-DIRETORA-768x799.webp 768w\" sizes=\"auto, (max-width: 800px) 100vw, 800px\" \/>\t\t\t\t\t\t\t\t\t\t\t\t\t\t\t<\/div>\n\t\t\t\t<\/div>\n\t\t\t\t\t<\/div>\n\t\t\t\t<\/div>\n\t\t<div class=\"elementor-element elementor-element-02eb770 e-flex e-con-boxed e-con e-child\" data-id=\"02eb770\" data-element_type=\"container\" data-settings=\"{&quot;content_width&quot;:&quot;boxed&quot;}\">\n\t\t\t\t\t<div class=\"e-con-inner\">\n\t\t\t\t<div class=\"elementor-element elementor-element-75daedc elementor-widget elementor-widget-image\" data-id=\"75daedc\" data-element_type=\"widget\" data-widget_type=\"image.default\">\n\t\t\t\t<div class=\"elementor-widget-container\">\n\t\t\t\t\t\t\t\t\t\t\t\t\t\t\t<img loading=\"lazy\" decoding=\"async\" width=\"800\" height=\"832\" src=\"https:\/\/ceades.com.br\/site\/wp-content\/uploads\/2026\/02\/M2.webp\" class=\"attachment-large size-large wp-image-4050\" alt=\"\" srcset=\"https:\/\/ceades.com.br\/site\/wp-content\/uploads\/2026\/02\/M2.webp 852w, https:\/\/ceades.com.br\/site\/wp-content\/uploads\/2026\/02\/M2-288x300.webp 288w, https:\/\/ceades.com.br\/site\/wp-content\/uploads\/2026\/02\/M2-768x799.webp 768w\" sizes=\"auto, (max-width: 800px) 100vw, 800px\" \/>\t\t\t\t\t\t\t\t\t\t\t\t\t\t\t<\/div>\n\t\t\t\t<\/div>\n\t\t\t\t\t<\/div>\n\t\t\t\t<\/div>\n\t\t\t\t<\/div>\n\t\t<div class=\"elementor-element elementor-element-7d13e4e e-con-full e-flex e-con e-child\" data-id=\"7d13e4e\" data-element_type=\"container\" data-settings=\"{&quot;content_width&quot;:&quot;full&quot;}\">\n\t\t<div class=\"elementor-element elementor-element-8676158 e-flex e-con-boxed e-con e-child\" data-id=\"8676158\" data-element_type=\"container\" data-settings=\"{&quot;content_width&quot;:&quot;boxed&quot;}\">\n\t\t\t\t\t<div class=\"e-con-inner\">\n\t\t\t\t<div class=\"elementor-element elementor-element-5d8f7ac elementor-widget elementor-widget-image\" data-id=\"5d8f7ac\" data-element_type=\"widget\" data-widget_type=\"image.default\">\n\t\t\t\t<div class=\"elementor-widget-container\">\n\t\t\t\t\t\t\t\t\t\t\t\t\t\t\t<img loading=\"lazy\" decoding=\"async\" width=\"800\" height=\"832\" src=\"https:\/\/ceades.com.br\/site\/wp-content\/uploads\/2026\/02\/M3.webp\" class=\"attachment-large size-large wp-image-4051\" alt=\"\" srcset=\"https:\/\/ceades.com.br\/site\/wp-content\/uploads\/2026\/02\/M3.webp 852w, https:\/\/ceades.com.br\/site\/wp-content\/uploads\/2026\/02\/M3-288x300.webp 288w, https:\/\/ceades.com.br\/site\/wp-content\/uploads\/2026\/02\/M3-768x799.webp 768w\" sizes=\"auto, (max-width: 800px) 100vw, 800px\" \/>\t\t\t\t\t\t\t\t\t\t\t\t\t\t\t<\/div>\n\t\t\t\t<\/div>\n\t\t\t\t\t<\/div>\n\t\t\t\t<\/div>\n\t\t<div class=\"elementor-element elementor-element-17670a2 e-flex e-con-boxed e-con e-child\" data-id=\"17670a2\" data-element_type=\"container\" data-settings=\"{&quot;content_width&quot;:&quot;boxed&quot;}\">\n\t\t\t\t\t<div class=\"e-con-inner\">\n\t\t\t\t<div class=\"elementor-element elementor-element-70b9d11 elementor-widget elementor-widget-image\" data-id=\"70b9d11\" data-element_type=\"widget\" data-widget_type=\"image.default\">\n\t\t\t\t<div class=\"elementor-widget-container\">\n\t\t\t\t\t\t\t\t\t\t\t\t\t\t\t<img loading=\"lazy\" decoding=\"async\" width=\"800\" height=\"832\" src=\"https:\/\/ceades.com.br\/site\/wp-content\/uploads\/2026\/02\/M4.webp\" class=\"attachment-large size-large wp-image-4052\" alt=\"\" srcset=\"https:\/\/ceades.com.br\/site\/wp-content\/uploads\/2026\/02\/M4.webp 852w, https:\/\/ceades.com.br\/site\/wp-content\/uploads\/2026\/02\/M4-288x300.webp 288w, https:\/\/ceades.com.br\/site\/wp-content\/uploads\/2026\/02\/M4-768x799.webp 768w\" sizes=\"auto, (max-width: 800px) 100vw, 800px\" \/>\t\t\t\t\t\t\t\t\t\t\t\t\t\t\t<\/div>\n\t\t\t\t<\/div>\n\t\t\t\t\t<\/div>\n\t\t\t\t<\/div>\n\t\t\t\t<\/div>\n\t\t\t\t\t<\/div>\n\t\t\t\t<\/div>\n\t\t<div class=\"elementor-element elementor-element-f8c49d5 e-flex e-con-boxed e-con e-parent\" data-id=\"f8c49d5\" data-element_type=\"container\" data-settings=\"{&quot;content_width&quot;:&quot;boxed&quot;}\" data-core-v316-plus=\"true\">\n\t\t\t\t\t<div class=\"e-con-inner\">\n\t\t<div class=\"elementor-element elementor-element-dd821e7 e-con-full e-flex e-con e-child\" data-id=\"dd821e7\" data-element_type=\"container\" data-settings=\"{&quot;content_width&quot;:&quot;full&quot;}\">\n\t\t<div class=\"elementor-element elementor-element-93693b6 e-flex e-con-boxed e-con e-child\" data-id=\"93693b6\" data-element_type=\"container\" data-settings=\"{&quot;content_width&quot;:&quot;boxed&quot;}\">\n\t\t\t\t\t<div class=\"e-con-inner\">\n\t\t\t\t<div class=\"elementor-element elementor-element-855f839 elementor-widget elementor-widget-image\" data-id=\"855f839\" data-element_type=\"widget\" data-widget_type=\"image.default\">\n\t\t\t\t<div class=\"elementor-widget-container\">\n\t\t\t\t\t\t\t\t\t\t\t\t\t\t\t<img loading=\"lazy\" decoding=\"async\" width=\"800\" height=\"832\" src=\"https:\/\/ceades.com.br\/site\/wp-content\/uploads\/2026\/02\/M5.webp\" class=\"attachment-large size-large wp-image-4053\" alt=\"\" srcset=\"https:\/\/ceades.com.br\/site\/wp-content\/uploads\/2026\/02\/M5.webp 852w, https:\/\/ceades.com.br\/site\/wp-content\/uploads\/2026\/02\/M5-288x300.webp 288w, https:\/\/ceades.com.br\/site\/wp-content\/uploads\/2026\/02\/M5-768x799.webp 768w\" sizes=\"auto, (max-width: 800px) 100vw, 800px\" \/>\t\t\t\t\t\t\t\t\t\t\t\t\t\t\t<\/div>\n\t\t\t\t<\/div>\n\t\t\t\t\t<\/div>\n\t\t\t\t<\/div>\n\t\t<div class=\"elementor-element elementor-element-7769db4 e-flex e-con-boxed e-con e-child\" data-id=\"7769db4\" data-element_type=\"container\" data-settings=\"{&quot;content_width&quot;:&quot;boxed&quot;}\">\n\t\t\t\t\t<div class=\"e-con-inner\">\n\t\t\t\t<div class=\"elementor-element elementor-element-f71ce6d elementor-widget elementor-widget-image\" data-id=\"f71ce6d\" data-element_type=\"widget\" data-widget_type=\"image.default\">\n\t\t\t\t<div class=\"elementor-widget-container\">\n\t\t\t\t\t\t\t\t\t\t\t\t\t\t\t<img loading=\"lazy\" decoding=\"async\" width=\"800\" height=\"832\" src=\"https:\/\/ceades.com.br\/site\/wp-content\/uploads\/2026\/02\/M6.webp\" class=\"attachment-large size-large wp-image-4054\" alt=\"\" srcset=\"https:\/\/ceades.com.br\/site\/wp-content\/uploads\/2026\/02\/M6.webp 852w, https:\/\/ceades.com.br\/site\/wp-content\/uploads\/2026\/02\/M6-288x300.webp 288w, https:\/\/ceades.com.br\/site\/wp-content\/uploads\/2026\/02\/M6-768x799.webp 768w\" sizes=\"auto, (max-width: 800px) 100vw, 800px\" \/>\t\t\t\t\t\t\t\t\t\t\t\t\t\t\t<\/div>\n\t\t\t\t<\/div>\n\t\t\t\t\t<\/div>\n\t\t\t\t<\/div>\n\t\t\t\t<\/div>\n\t\t<div class=\"elementor-element elementor-element-ee47ebf e-con-full e-flex e-con e-child\" data-id=\"ee47ebf\" data-element_type=\"container\" data-settings=\"{&quot;content_width&quot;:&quot;full&quot;}\">\n\t\t<div class=\"elementor-element elementor-element-27ca865 e-flex e-con-boxed e-con e-child\" data-id=\"27ca865\" data-element_type=\"container\" data-settings=\"{&quot;content_width&quot;:&quot;boxed&quot;}\">\n\t\t\t\t\t<div class=\"e-con-inner\">\n\t\t\t\t<div class=\"elementor-element elementor-element-50fe47f elementor-widget elementor-widget-image\" data-id=\"50fe47f\" data-element_type=\"widget\" data-widget_type=\"image.default\">\n\t\t\t\t<div class=\"elementor-widget-container\">\n\t\t\t\t\t\t\t\t\t\t\t\t\t\t\t<img loading=\"lazy\" decoding=\"async\" width=\"800\" height=\"832\" src=\"https:\/\/ceades.com.br\/site\/wp-content\/uploads\/2026\/02\/M7.webp\" class=\"attachment-large size-large wp-image-4055\" alt=\"\" srcset=\"https:\/\/ceades.com.br\/site\/wp-content\/uploads\/2026\/02\/M7.webp 852w, https:\/\/ceades.com.br\/site\/wp-content\/uploads\/2026\/02\/M7-288x300.webp 288w, https:\/\/ceades.com.br\/site\/wp-content\/uploads\/2026\/02\/M7-768x799.webp 768w\" sizes=\"auto, (max-width: 800px) 100vw, 800px\" \/>\t\t\t\t\t\t\t\t\t\t\t\t\t\t\t<\/div>\n\t\t\t\t<\/div>\n\t\t\t\t\t<\/div>\n\t\t\t\t<\/div>\n\t\t<div class=\"elementor-element elementor-element-b41070b e-flex e-con-boxed e-con e-child\" data-id=\"b41070b\" data-element_type=\"container\" data-settings=\"{&quot;content_width&quot;:&quot;boxed&quot;}\">\n\t\t\t\t\t<div class=\"e-con-inner\">\n\t\t\t\t<div class=\"elementor-element elementor-element-393505d elementor-widget elementor-widget-image\" data-id=\"393505d\" data-element_type=\"widget\" data-widget_type=\"image.default\">\n\t\t\t\t<div class=\"elementor-widget-container\">\n\t\t\t\t\t\t\t\t\t\t\t\t\t\t\t<img loading=\"lazy\" decoding=\"async\" width=\"800\" height=\"832\" src=\"https:\/\/ceades.com.br\/site\/wp-content\/uploads\/2026\/02\/M8.webp\" class=\"attachment-large size-large wp-image-4056\" alt=\"\" srcset=\"https:\/\/ceades.com.br\/site\/wp-content\/uploads\/2026\/02\/M8.webp 852w, https:\/\/ceades.com.br\/site\/wp-content\/uploads\/2026\/02\/M8-288x300.webp 288w, https:\/\/ceades.com.br\/site\/wp-content\/uploads\/2026\/02\/M8-768x799.webp 768w\" sizes=\"auto, (max-width: 800px) 100vw, 800px\" \/>\t\t\t\t\t\t\t\t\t\t\t\t\t\t\t<\/div>\n\t\t\t\t<\/div>\n\t\t\t\t\t<\/div>\n\t\t\t\t<\/div>\n\t\t\t\t<\/div>\n\t\t\t\t\t<\/div>\n\t\t\t\t<\/div>\n\t\t<div class=\"elementor-element elementor-element-f586c7a e-flex e-con-boxed e-con e-parent\" data-id=\"f586c7a\" data-element_type=\"container\" data-settings=\"{&quot;content_width&quot;:&quot;boxed&quot;}\" data-core-v316-plus=\"true\">\n\t\t\t\t\t<div class=\"e-con-inner\">\n\t\t<div class=\"elementor-element elementor-element-f599441 e-con-full e-flex e-con e-child\" data-id=\"f599441\" data-element_type=\"container\" data-settings=\"{&quot;content_width&quot;:&quot;full&quot;}\">\n\t\t<div class=\"elementor-element elementor-element-4612888 e-flex e-con-boxed e-con e-child\" data-id=\"4612888\" data-element_type=\"container\" data-settings=\"{&quot;content_width&quot;:&quot;boxed&quot;}\">\n\t\t\t\t\t<div class=\"e-con-inner\">\n\t\t\t\t<div class=\"elementor-element elementor-element-1738646 elementor-widget elementor-widget-image\" data-id=\"1738646\" data-element_type=\"widget\" data-widget_type=\"image.default\">\n\t\t\t\t<div class=\"elementor-widget-container\">\n\t\t\t\t\t\t\t\t\t\t\t\t\t\t\t<img loading=\"lazy\" decoding=\"async\" width=\"800\" height=\"832\" src=\"https:\/\/ceades.com.br\/site\/wp-content\/uploads\/2026\/02\/M9.webp\" class=\"attachment-large size-large wp-image-4057\" alt=\"\" srcset=\"https:\/\/ceades.com.br\/site\/wp-content\/uploads\/2026\/02\/M9.webp 852w, https:\/\/ceades.com.br\/site\/wp-content\/uploads\/2026\/02\/M9-288x300.webp 288w, https:\/\/ceades.com.br\/site\/wp-content\/uploads\/2026\/02\/M9-768x799.webp 768w\" sizes=\"auto, (max-width: 800px) 100vw, 800px\" \/>\t\t\t\t\t\t\t\t\t\t\t\t\t\t\t<\/div>\n\t\t\t\t<\/div>\n\t\t\t\t\t<\/div>\n\t\t\t\t<\/div>\n\t\t<div class=\"elementor-element elementor-element-eeb10ab e-flex e-con-boxed e-con e-child\" data-id=\"eeb10ab\" data-element_type=\"container\" data-settings=\"{&quot;content_width&quot;:&quot;boxed&quot;}\">\n\t\t\t\t\t<div class=\"e-con-inner\">\n\t\t\t\t<div class=\"elementor-element elementor-element-5cf6366 elementor-widget elementor-widget-image\" data-id=\"5cf6366\" data-element_type=\"widget\" data-widget_type=\"image.default\">\n\t\t\t\t<div class=\"elementor-widget-container\">\n\t\t\t\t\t\t\t\t\t\t\t\t\t\t\t<img loading=\"lazy\" decoding=\"async\" width=\"800\" height=\"832\" src=\"https:\/\/ceades.com.br\/site\/wp-content\/uploads\/2026\/02\/M10.webp\" class=\"attachment-large size-large wp-image-4058\" alt=\"\" srcset=\"https:\/\/ceades.com.br\/site\/wp-content\/uploads\/2026\/02\/M10.webp 852w, https:\/\/ceades.com.br\/site\/wp-content\/uploads\/2026\/02\/M10-288x300.webp 288w, https:\/\/ceades.com.br\/site\/wp-content\/uploads\/2026\/02\/M10-768x799.webp 768w\" sizes=\"auto, (max-width: 800px) 100vw, 800px\" \/>\t\t\t\t\t\t\t\t\t\t\t\t\t\t\t<\/div>\n\t\t\t\t<\/div>\n\t\t\t\t\t<\/div>\n\t\t\t\t<\/div>\n\t\t\t\t<\/div>\n\t\t<div class=\"elementor-element elementor-element-f107446 e-con-full e-flex e-con e-child\" data-id=\"f107446\" data-element_type=\"container\" data-settings=\"{&quot;content_width&quot;:&quot;full&quot;}\">\n\t\t<div class=\"elementor-element elementor-element-61989b2 e-flex e-con-boxed e-con e-child\" data-id=\"61989b2\" data-element_type=\"container\" data-settings=\"{&quot;content_width&quot;:&quot;boxed&quot;}\">\n\t\t\t\t\t<div class=\"e-con-inner\">\n\t\t\t\t<div class=\"elementor-element elementor-element-af77c67 elementor-widget elementor-widget-image\" data-id=\"af77c67\" data-element_type=\"widget\" data-widget_type=\"image.default\">\n\t\t\t\t<div class=\"elementor-widget-container\">\n\t\t\t\t\t\t\t\t\t\t\t\t\t\t\t<img loading=\"lazy\" decoding=\"async\" width=\"800\" height=\"832\" src=\"https:\/\/ceades.com.br\/site\/wp-content\/uploads\/2026\/02\/M11.webp\" class=\"attachment-large size-large wp-image-4059\" alt=\"\" srcset=\"https:\/\/ceades.com.br\/site\/wp-content\/uploads\/2026\/02\/M11.webp 852w, https:\/\/ceades.com.br\/site\/wp-content\/uploads\/2026\/02\/M11-288x300.webp 288w, https:\/\/ceades.com.br\/site\/wp-content\/uploads\/2026\/02\/M11-768x799.webp 768w\" sizes=\"auto, (max-width: 800px) 100vw, 800px\" \/>\t\t\t\t\t\t\t\t\t\t\t\t\t\t\t<\/div>\n\t\t\t\t<\/div>\n\t\t\t\t\t<\/div>\n\t\t\t\t<\/div>\n\t\t<div class=\"elementor-element elementor-element-64ad475 e-flex e-con-boxed e-con e-child\" data-id=\"64ad475\" data-element_type=\"container\" data-settings=\"{&quot;content_width&quot;:&quot;boxed&quot;}\">\n\t\t\t\t\t<div class=\"e-con-inner\">\n\t\t\t\t<div class=\"elementor-element elementor-element-2d7597c elementor-widget elementor-widget-image\" data-id=\"2d7597c\" data-element_type=\"widget\" data-widget_type=\"image.default\">\n\t\t\t\t<div class=\"elementor-widget-container\">\n\t\t\t\t\t\t\t\t\t\t\t\t\t\t\t<img loading=\"lazy\" decoding=\"async\" width=\"800\" height=\"832\" src=\"https:\/\/ceades.com.br\/site\/wp-content\/uploads\/2026\/02\/M12.webp\" class=\"attachment-large size-large wp-image-4060\" alt=\"\" srcset=\"https:\/\/ceades.com.br\/site\/wp-content\/uploads\/2026\/02\/M12.webp 852w, https:\/\/ceades.com.br\/site\/wp-content\/uploads\/2026\/02\/M12-288x300.webp 288w, https:\/\/ceades.com.br\/site\/wp-content\/uploads\/2026\/02\/M12-768x799.webp 768w\" sizes=\"auto, (max-width: 800px) 100vw, 800px\" \/>\t\t\t\t\t\t\t\t\t\t\t\t\t\t\t<\/div>\n\t\t\t\t<\/div>\n\t\t\t\t\t<\/div>\n\t\t\t\t<\/div>\n\t\t\t\t<\/div>\n\t\t\t\t\t<\/div>\n\t\t\t\t<\/div>\n\t\t<div class=\"elementor-element elementor-element-fb3cb51 e-flex e-con-boxed e-con e-parent\" data-id=\"fb3cb51\" data-element_type=\"container\" data-settings=\"{&quot;content_width&quot;:&quot;boxed&quot;}\" data-core-v316-plus=\"true\">\n\t\t\t\t\t<div class=\"e-con-inner\">\n\t\t<div class=\"elementor-element elementor-element-75267b4 e-con-full e-flex e-con e-child\" data-id=\"75267b4\" data-element_type=\"container\" data-settings=\"{&quot;content_width&quot;:&quot;full&quot;}\">\n\t\t\t\t<div class=\"elementor-element elementor-element-3a687c5 elementor-widget elementor-widget-text-editor\" data-id=\"3a687c5\" data-element_type=\"widget\" data-widget_type=\"text-editor.default\">\n\t\t\t\t<div class=\"elementor-widget-container\">\n\t\t\t<style>\/*! elementor - v3.16.0 - 20-09-2023 *\/\n.elementor-widget-text-editor.elementor-drop-cap-view-stacked .elementor-drop-cap{background-color:#69727d;color:#fff}.elementor-widget-text-editor.elementor-drop-cap-view-framed .elementor-drop-cap{color:#69727d;border:3px solid;background-color:transparent}.elementor-widget-text-editor:not(.elementor-drop-cap-view-default) .elementor-drop-cap{margin-top:8px}.elementor-widget-text-editor:not(.elementor-drop-cap-view-default) .elementor-drop-cap-letter{width:1em;height:1em}.elementor-widget-text-editor .elementor-drop-cap{float:left;text-align:center;line-height:1;font-size:50px}.elementor-widget-text-editor .elementor-drop-cap-letter{display:inline-block}<\/style>\t\t\t\t<p><strong>Conselho Fiscal<\/strong><br \/>Pr. Aurides Jos\u00e9 Ferreira Lima<br \/>Pr. Ronaldo Alves dos Santos<br \/>Pr. Paulo Roberto Pimentel Rocha<br \/>Pr. Rog\u00e9rio Teixeira Rocha<\/p>\t\t\t\t\t\t<\/div>\n\t\t\t\t<\/div>\n\t\t\t\t<\/div>\n\t\t<div class=\"elementor-element elementor-element-bb66144 e-con-full e-flex e-con e-child\" data-id=\"bb66144\" data-element_type=\"container\" data-settings=\"{&quot;content_width&quot;:&quot;full&quot;}\">\n\t\t\t\t<div class=\"elementor-element elementor-element-3edd68a elementor-widget elementor-widget-text-editor\" data-id=\"3edd68a\" data-element_type=\"widget\" data-widget_type=\"text-editor.default\">\n\t\t\t\t<div class=\"elementor-widget-container\">\n\t\t\t\t\t\t\t<p><strong>Telefones:\u00a0<br \/>(27) 99882-8135<\/strong><\/p><p><strong>E-mail:<\/strong>ceades.secretaria@gmail.com<\/p><p><strong>Redes sociais:<br \/><em>Facebook e Instagram:<\/em><\/strong>\u00a0@ceades conven\u00e7\u00e3o<\/p><p><strong>Dias e Hor\u00e1rios de expediente:<br \/><\/strong>\u00e0s quirta-feira das 08:00 \u00e0s 17:00hs\u00a0<\/p>\t\t\t\t\t\t<\/div>\n\t\t\t\t<\/div>\n\t\t\t\t<\/div>\n\t\t\t\t\t<\/div>\n\t\t\t\t<\/div>\n\t\t\t\t\t\t\t<\/div>\n\t\t","protected":false},"excerpt":{"rendered":"<p>Conselho FiscalPr. Aurides Jos\u00e9 Ferreira LimaPr. Ronaldo Alves dos SantosPr. Paulo Roberto Pimentel RochaPr. Rog\u00e9rio Teixeira Rocha Telefones:\u00a0(27) 99882-8135 E-mail:ceades.secretaria@gmail.com Redes sociais:Facebook e Instagram:\u00a0@ceades conven\u00e7\u00e3o Dias e Hor\u00e1rios de expediente:\u00e0s quirta-feira das 08:00 \u00e0s 17:00hs\u00a0<\/p>\n","protected":false},"author":1,"featured_media":0,"parent":0,"menu_order":0,"comment_status":"closed","ping_status":"closed","template":"elementor_header_footer","meta":{"pg_page_styles":[],"footnotes":""},"class_list":["post-346","page","type-page","status-publish","hentry"],"_links":{"self":[{"href":"https:\/\/ceades.com.br\/site\/index.php?rest_route=\/wp\/v2\/pages\/346","targetHints":{"allow":["GET"]}}],"collection":[{"href":"https:\/\/ceades.com.br\/site\/index.php?rest_route=\/wp\/v2\/pages"}],"about":[{"href":"https:\/\/ceades.com.br\/site\/index.php?rest_route=\/wp\/v2\/types\/page"}],"author":[{"embeddable":true,"href":"https:\/\/ceades.com.br\/site\/index.php?rest_route=\/wp\/v2\/users\/1"}],"replies":[{"embeddable":true,"href":"https:\/\/ceades.com.br\/site\/index.php?rest_route=%2Fwp%2Fv2%2Fcomments&post=346"}],"version-history":[{"count":61,"href":"https:\/\/ceades.com.br\/site\/index.php?rest_route=\/wp\/v2\/pages\/346\/revisions"}],"predecessor-version":[{"id":4073,"href":"https:\/\/ceades.com.br\/site\/index.php?rest_route=\/wp\/v2\/pages\/346\/revisions\/4073"}],"wp:attachment":[{"href":"https:\/\/ceades.com.br\/site\/index.php?rest_route=%2Fwp%2Fv2%2Fmedia&parent=346"}],"curies":[{"name":"wp","href":"https:\/\/api.w.org\/{rel}","templated":true}]}}