{"id":39,"date":"2023-09-24T16:29:54","date_gmt":"2023-09-24T16:29:54","guid":{"rendered":"https:\/\/ceades.com.br\/site\/?page_id=39"},"modified":"2025-03-20T19:02:18","modified_gmt":"2025-03-20T19:02:18","slug":"institucional","status":"publish","type":"page","link":"https:\/\/ceades.com.br\/site\/?page_id=39","title":{"rendered":"Institucional"},"content":{"rendered":"\t\t<div data-elementor-type=\"wp-page\" data-elementor-id=\"39\" class=\"elementor elementor-39\">\n\t\t\t\t\t\t\t<div class=\"elementor-element elementor-element-8cee23a e-con-full e-flex e-con e-parent\" data-id=\"8cee23a\" data-element_type=\"container\" data-settings=\"{&quot;content_width&quot;:&quot;full&quot;}\" data-core-v316-plus=\"true\">\n\t\t\t\t<div class=\"elementor-element elementor-element-26dd80b elementor-arrows-position-inside elementor-widget elementor-widget-image-carousel\" data-id=\"26dd80b\" data-element_type=\"widget\" data-settings=\"{&quot;slides_to_show&quot;:&quot;1&quot;,&quot;navigation&quot;:&quot;arrows&quot;,&quot;pause_on_hover&quot;:&quot;no&quot;,&quot;pause_on_interaction&quot;:&quot;no&quot;,&quot;autoplay&quot;:&quot;yes&quot;,&quot;autoplay_speed&quot;:5000,&quot;infinite&quot;:&quot;yes&quot;,&quot;effect&quot;:&quot;slide&quot;,&quot;speed&quot;:500}\" data-widget_type=\"image-carousel.default\">\n\t\t\t\t<div class=\"elementor-widget-container\">\n\t\t\t<style>\/*! elementor - v3.16.0 - 20-09-2023 *\/\n.elementor-widget-image-carousel .swiper,.elementor-widget-image-carousel .swiper-container{position:static}.elementor-widget-image-carousel .swiper-container .swiper-slide figure,.elementor-widget-image-carousel .swiper .swiper-slide figure{line-height:inherit}.elementor-widget-image-carousel .swiper-slide{text-align:center}.elementor-image-carousel-wrapper:not(.swiper-container-initialized):not(.swiper-initialized) .swiper-slide{max-width:calc(100% \/ var(--e-image-carousel-slides-to-show, 3))}<\/style>\t\t<div class=\"elementor-image-carousel-wrapper swiper\" dir=\"ltr\">\n\t\t\t<div class=\"elementor-image-carousel swiper-wrapper swiper-image-stretch\" aria-live=\"off\">\n\t\t\t\t\t\t\t\t<div class=\"swiper-slide\" role=\"group\" aria-roledescription=\"slide\" aria-label=\"1 of 1\"><figure class=\"swiper-slide-inner\"><img decoding=\"async\" class=\"swiper-slide-image\" src=\"https:\/\/ceades.com.br\/site\/wp-content\/uploads\/2024\/01\/N1.png\" alt=\"N1\" \/><\/figure><\/div>\t\t\t<\/div>\n\t\t\t\t\t<\/div>\n\t\t\t\t<\/div>\n\t\t\t\t<\/div>\n\t\t\t\t<\/div>\n\t\t<div class=\"elementor-element elementor-element-d934753 e-flex e-con-boxed e-con e-parent\" data-id=\"d934753\" data-element_type=\"container\" data-settings=\"{&quot;content_width&quot;:&quot;boxed&quot;}\" data-core-v316-plus=\"true\">\n\t\t\t\t\t<div class=\"e-con-inner\">\n\t\t\t\t<div class=\"elementor-element elementor-element-62dc26f elementor-widget elementor-widget-heading\" data-id=\"62dc26f\" data-element_type=\"widget\" data-widget_type=\"heading.default\">\n\t\t\t\t<div class=\"elementor-widget-container\">\n\t\t\t<style>\/*! elementor - v3.16.0 - 20-09-2023 *\/\n.elementor-heading-title{padding:0;margin:0;line-height:1}.elementor-widget-heading .elementor-heading-title[class*=elementor-size-]>a{color:inherit;font-size:inherit;line-height:inherit}.elementor-widget-heading .elementor-heading-title.elementor-size-small{font-size:15px}.elementor-widget-heading .elementor-heading-title.elementor-size-medium{font-size:19px}.elementor-widget-heading .elementor-heading-title.elementor-size-large{font-size:29px}.elementor-widget-heading .elementor-heading-title.elementor-size-xl{font-size:39px}.elementor-widget-heading .elementor-heading-title.elementor-size-xxl{font-size:59px}<\/style><h2 class=\"elementor-heading-title elementor-size-default\">CEADES<\/h2>\t\t<\/div>\n\t\t\t\t<\/div>\n\t\t\t\t<div class=\"elementor-element elementor-element-ba26b57 elementor-widget elementor-widget-text-editor\" data-id=\"ba26b57\" data-element_type=\"widget\" data-widget_type=\"text-editor.default\">\n\t\t\t\t<div class=\"elementor-widget-container\">\n\t\t\t<style>\/*! elementor - v3.16.0 - 20-09-2023 *\/\n.elementor-widget-text-editor.elementor-drop-cap-view-stacked .elementor-drop-cap{background-color:#69727d;color:#fff}.elementor-widget-text-editor.elementor-drop-cap-view-framed .elementor-drop-cap{color:#69727d;border:3px solid;background-color:transparent}.elementor-widget-text-editor:not(.elementor-drop-cap-view-default) .elementor-drop-cap{margin-top:8px}.elementor-widget-text-editor:not(.elementor-drop-cap-view-default) .elementor-drop-cap-letter{width:1em;height:1em}.elementor-widget-text-editor .elementor-drop-cap{float:left;text-align:center;line-height:1;font-size:50px}.elementor-widget-text-editor .elementor-drop-cap-letter{display:inline-block}<\/style>\t\t\t\tO fundo hist\u00f3rico da CEADES foi a instala\u00e7\u00e3o da coordenadoria da CEADER (Conven\u00e7\u00e3o das AD no Rio de Janeiro) aqui no estado do Esp\u00edrito Santo pelo pastor Jos\u00e9 Marinaldo, que na ocasi\u00e3o presidia a institui\u00e7\u00e3o. A Coordenadoria Capixaba da Ceader ficou sob a dire\u00e7\u00e3o do pastor Mario Lucio dos Santos, que foi sucedido pelos pastores Jose de Souza Mairink, Dimas Martins, Paulo Feu de Oliveira e Jo\u00e3o Manoel Rodrigues. Todos trabalharam com dedica\u00e7\u00e3o para o desenvolvimento da coordenadoria fazendo com que prosperasse, alcan\u00e7ando a marca de mais de 400 filiados. Com o crescimento, tamb\u00e9m surgiram as dificuldades e desafios. Al\u00e9m do custo com anuidades, taxas diversas, e despesas com viagens ao Rio de Janeiro para atender a agenda da CEADER, somados \u00e0 dist\u00e2ncia e \u00e0 impossibilidade de muitos ministros participarem das atividades convencionais no estado do Rio de Janeiro, e outros pontos, pensou-se, ent\u00e3o, na transforma\u00e7\u00e3o da Coordenadoria em uma Conven\u00e7\u00e3o. O projeto foi discutido com os presidentes da CEADER, pastor Alberto Serafim e Paulo Carvalho, e por fim, foi aprovado pelo plen\u00e1rio convencional da CEADER no dia 16 de mar\u00e7o de 2018, na cidade de Casimiro de Abreu (RJ).\t\t\t\t\t\t<\/div>\n\t\t\t\t<\/div>\n\t\t\t\t<div class=\"elementor-element elementor-element-fc14063 elementor-widget elementor-widget-text-editor\" data-id=\"fc14063\" data-element_type=\"widget\" data-widget_type=\"text-editor.default\">\n\t\t\t\t<div class=\"elementor-widget-container\">\n\t\t\t\t\t\t\t<p>Homologa\u00e7\u00e3o junto a CGADB<\/p><p>Seguindo os tr\u00e2mites normais, os documentos para forma\u00e7\u00e3o a nova Conven\u00e7\u00e3o foram protocolados na Secretaria Geral da CGADB, e submetidos \u00e0 aprecia\u00e7\u00e3o do Conselho da Regi\u00e3o Sudeste, da Conven\u00e7\u00e3o Geral. Contando com os votos necess\u00e1rios \u00e0 sua aprova\u00e7\u00e3o, o projeto de cria\u00e7\u00e3o da CEADES foi encaminhado para decis\u00e3o da Mesa Diretora da CGADB que, reunida na cidade de Cuiab\u00e1\/MT, nos dias 23 e 24 de outubro de 2018, sob a presid\u00eancia do pastor Jos\u00e9 Wellington Costa Junior, notificou que procedeu o registro da CEADES sob o n\u00famero 74. A sede provis\u00f3ria da CEADES, est\u00e1 instalada na Rua Tarumana, 53 \u2013 Alvorada, em Vila Velha\/ES, com atendimento regular \u00e0s quartas-feiras das 9:00h \u00e0s 12:00h.<\/p>\t\t\t\t\t\t<\/div>\n\t\t\t\t<\/div>\n\t\t\t\t<div class=\"elementor-element elementor-element-b4d33cf elementor-widget elementor-widget-text-editor\" data-id=\"b4d33cf\" data-element_type=\"widget\" data-widget_type=\"text-editor.default\">\n\t\t\t\t<div class=\"elementor-widget-container\">\n\t\t\t\t\t\t\tImportante frisar que Homologa\u00e7\u00e3o final foi realizada na Assembl\u00e9ia Geral da CGADB em Bel\u00e9m do Par\u00e1.\t\t\t\t\t\t<\/div>\n\t\t\t\t<\/div>\n\t\t\t\t\t<\/div>\n\t\t\t\t<\/div>\n\t\t<div class=\"elementor-element elementor-element-255777d e-con-full e-flex e-con e-parent\" data-id=\"255777d\" data-element_type=\"container\" data-settings=\"{&quot;content_width&quot;:&quot;full&quot;}\" data-core-v316-plus=\"true\">\n\t\t\t\t<div class=\"elementor-element elementor-element-e60b732 elementor-arrows-position-inside elementor-widget elementor-widget-image-carousel\" data-id=\"e60b732\" data-element_type=\"widget\" data-settings=\"{&quot;slides_to_show&quot;:&quot;1&quot;,&quot;navigation&quot;:&quot;arrows&quot;,&quot;pause_on_hover&quot;:&quot;no&quot;,&quot;pause_on_interaction&quot;:&quot;no&quot;,&quot;autoplay&quot;:&quot;yes&quot;,&quot;autoplay_speed&quot;:5000,&quot;infinite&quot;:&quot;yes&quot;,&quot;effect&quot;:&quot;slide&quot;,&quot;speed&quot;:500}\" data-widget_type=\"image-carousel.default\">\n\t\t\t\t<div class=\"elementor-widget-container\">\n\t\t\t\t\t<div class=\"elementor-image-carousel-wrapper swiper\" dir=\"ltr\">\n\t\t\t<div class=\"elementor-image-carousel swiper-wrapper swiper-image-stretch\" aria-live=\"off\">\n\t\t\t\t\t\t\t\t<div class=\"swiper-slide\" role=\"group\" aria-roledescription=\"slide\" aria-label=\"1 of 1\"><figure class=\"swiper-slide-inner\"><img decoding=\"async\" class=\"swiper-slide-image\" src=\"https:\/\/ceades.com.br\/site\/wp-content\/uploads\/2025\/03\/BANNER-SITE-OFICIAL.webp\" alt=\"BANNER SITE OFICIAL\" \/><\/figure><\/div>\t\t\t<\/div>\n\t\t\t\t\t<\/div>\n\t\t\t\t<\/div>\n\t\t\t\t<\/div>\n\t\t\t\t<\/div>\n\t\t<div class=\"elementor-element elementor-element-28dcd39 e-flex e-con-boxed e-con e-parent\" data-id=\"28dcd39\" data-element_type=\"container\" data-settings=\"{&quot;content_width&quot;:&quot;boxed&quot;}\" data-core-v316-plus=\"true\">\n\t\t\t\t\t<div class=\"e-con-inner\">\n\t\t\t\t<div class=\"elementor-element elementor-element-72a69c4 elementor-widget elementor-widget-heading\" data-id=\"72a69c4\" data-element_type=\"widget\" data-widget_type=\"heading.default\">\n\t\t\t\t<div class=\"elementor-widget-container\">\n\t\t\t<h2 class=\"elementor-heading-title elementor-size-default\">O que cremos?<\/h2>\t\t<\/div>\n\t\t\t\t<\/div>\n\t\t\t\t<div class=\"elementor-element elementor-element-07d7260 elementor-widget elementor-widget-text-editor\" data-id=\"07d7260\" data-element_type=\"widget\" data-widget_type=\"text-editor.default\">\n\t\t\t\t<div class=\"elementor-widget-container\">\n\t\t\t\t\t\t\t1) Na inspira\u00e7\u00e3o divina verbal e plen\u00e1ria da B\u00edblia Sagrada, \u00fanica regra infal\u00edvel de f\u00e9 e pr\u00e1tica para a vida e o car\u00e1ter crist\u00e3o (2 Tm 3.14-17);\t\t\t\t\t\t<\/div>\n\t\t\t\t<\/div>\n\t\t\t\t<div class=\"elementor-element elementor-element-a46cb9a elementor-widget elementor-widget-text-editor\" data-id=\"a46cb9a\" data-element_type=\"widget\" data-widget_type=\"text-editor.default\">\n\t\t\t\t<div class=\"elementor-widget-container\">\n\t\t\t\t\t\t\t2) Em um s\u00f3 Deus, eternamente subsistente em tr\u00eas pessoas distintas que, embora distintas, s\u00e3o iguais em poder, gl\u00f3ria e majestade: o Pai, o Filho e o Esp\u00edrito Santo; Criador do Universo, de todas as coisas que h\u00e1 nos c\u00e9us e na terra, vis\u00edveis e invis\u00edveis, e, de maneira especial, os seres humanos, por um ato sobrenatural e imediato, e n\u00e3o por um processo evolutivo (Dt 6.4; Mt 28.19; Mc 12.29; Gn 1.1;2.7; Hb 11.3 e Ap 4.11);\t\t\t\t\t\t<\/div>\n\t\t\t\t<\/div>\n\t\t\t\t<div class=\"elementor-element elementor-element-e180a08 elementor-widget elementor-widget-text-editor\" data-id=\"e180a08\" data-element_type=\"widget\" data-widget_type=\"text-editor.default\">\n\t\t\t\t<div class=\"elementor-widget-container\">\n\t\t\t\t\t\t\t3) No Senhor Jesus Cristo, o Filho Unig\u00eanito de Deus, plenamente Deus, plenamente Homem, na concep\u00e7\u00e3o e no seu nascimento virginal, em sua morte vic\u00e1ria e expiat\u00f3ria, em sua ressurrei\u00e7\u00e3o corporal dentre os mortos e em sua ascens\u00e3o vitoriosa aos c\u00e9us como Salvador do mundo (Jo 3.16-18; Rm 1.3,4; Is 7.14; Mt 1.23; Hb 10.12; Rm 8.34 e At 1.9);\t\t\t\t\t\t<\/div>\n\t\t\t\t<\/div>\n\t\t\t\t<div class=\"elementor-element elementor-element-7fd8427 elementor-widget elementor-widget-text-editor\" data-id=\"7fd8427\" data-element_type=\"widget\" data-widget_type=\"text-editor.default\">\n\t\t\t\t<div class=\"elementor-widget-container\">\n\t\t\t\t\t\t\t4) No Esp\u00edrito Santo, a terceira pessoa da Sant\u00edssima Trindade, consubstancial como o Pai e o Filho, Senhor e Vivificador; que convence o mundo do pecado, da justi\u00e7a e do ju\u00edzo; que regenera o pecador; que falou por meio dos profetas e continua guiando o seu povo (2Co 13.13; 2Co 3.6,17; Rm 8.2; Jo 16.11; Tt 3.5; 2Pe 1.21 e Jo 16.13);\t\t\t\t\t\t<\/div>\n\t\t\t\t<\/div>\n\t\t\t\t<div class=\"elementor-element elementor-element-8f52422 elementor-widget elementor-widget-text-editor\" data-id=\"8f52422\" data-element_type=\"widget\" data-widget_type=\"text-editor.default\">\n\t\t\t\t<div class=\"elementor-widget-container\">\n\t\t\t\t\t\t\t5) Na pecaminosidade do homem, que o destituiu da gl\u00f3ria de Deus e que somente o arrependimento e a f\u00e9 na obra expiat\u00f3ria e redentora de Jesus Cristo podem restaur\u00e1-lo a Deus (Rm 3.23; At 3.19);\t\t\t\t\t\t<\/div>\n\t\t\t\t<\/div>\n\t\t\t\t<div class=\"elementor-element elementor-element-e6ac2a2 elementor-widget elementor-widget-text-editor\" data-id=\"e6ac2a2\" data-element_type=\"widget\" data-widget_type=\"text-editor.default\">\n\t\t\t\t<div class=\"elementor-widget-container\">\n\t\t\t\t\t\t\t6) Na necessidade absoluta do novo nascimento pela gra\u00e7a de Deus mediante a f\u00e9 em Jesus Cristo e pelo poder atuante do Esp\u00edrito Santo e da Palavra de Deus para tornar o homem aceito no Reino dos C\u00e9us (Jo 3.3-8, Ef 2.8,9);\t\t\t\t\t\t<\/div>\n\t\t\t\t<\/div>\n\t\t\t\t<div class=\"elementor-element elementor-element-4a6f164 elementor-widget elementor-widget-text-editor\" data-id=\"4a6f164\" data-element_type=\"widget\" data-widget_type=\"text-editor.default\">\n\t\t\t\t<div class=\"elementor-widget-container\">\n\t\t\t\t\t\t\t7) No perd\u00e3o dos pecados, na salva\u00e7\u00e3o plena e na justifica\u00e7\u00e3o pela f\u00e9 no sacrif\u00edcio efetuado por Jesus Cristo em nosso favor (At 10.43; Rm 10.13; 3.24-26; Hb 7.25; 5.9);\t\t\t\t\t\t<\/div>\n\t\t\t\t<\/div>\n\t\t\t\t<div class=\"elementor-element elementor-element-851dd65 elementor-widget elementor-widget-text-editor\" data-id=\"851dd65\" data-element_type=\"widget\" data-widget_type=\"text-editor.default\">\n\t\t\t\t<div class=\"elementor-widget-container\">\n\t\t\t\t\t\t\t8) Na Igreja, que \u00e9 o corpo de Cristo, coluna e firmeza da verdade, una, santa e universal assembleia dos fieis remidos de todas as eras e todos os lugares, chamados do mundo pelo Esp\u00edrito Santo para seguir a Cristo e adorar a Deus (1Co 12.27; Jo 4.23; 1Tm 3.15; Hb 12.23; Ap 22.17);\t\t\t\t\t\t<\/div>\n\t\t\t\t<\/div>\n\t\t\t\t<div class=\"elementor-element elementor-element-9f6688a elementor-widget elementor-widget-text-editor\" data-id=\"9f6688a\" data-element_type=\"widget\" data-widget_type=\"text-editor.default\">\n\t\t\t\t<div class=\"elementor-widget-container\">\n\t\t\t\t\t\t\t9) No batismo b\u00edblico efetuado por imers\u00e3o em \u00e1guas, uma s\u00f3 vez, em nome do Pai, e do Filho, e do Esp\u00edrito Santo, conforme determinou o Senhor Jesus Cristo (Mt 28.19; Rm 6.1-6; Cl 2.12);\t\t\t\t\t\t<\/div>\n\t\t\t\t<\/div>\n\t\t\t\t<div class=\"elementor-element elementor-element-eb8a2be elementor-widget elementor-widget-text-editor\" data-id=\"eb8a2be\" data-element_type=\"widget\" data-widget_type=\"text-editor.default\">\n\t\t\t\t<div class=\"elementor-widget-container\">\n\t\t\t\t\t\t\t10) Na necessidade e na possibilidade de termos vida santa e irrepreens\u00edvel por obra do Esp\u00edrito Santo, que nos capacita a viver como fi\u00e9is testemunhas de Jesus Cristo (Hb 9.14; 1Pe 1.15);\t\t\t\t\t\t<\/div>\n\t\t\t\t<\/div>\n\t\t\t\t<div class=\"elementor-element elementor-element-32a6c88 elementor-widget elementor-widget-text-editor\" data-id=\"32a6c88\" data-element_type=\"widget\" data-widget_type=\"text-editor.default\">\n\t\t\t\t<div class=\"elementor-widget-container\">\n\t\t\t\t\t\t\t11) No batismo no Esp\u00edrito Santo, conforme as Escrituras, que nos \u00e9 dado por Jesus Cristo, demonstrado pela evid\u00eancia f\u00edsica do falar em outras l\u00ednguas, conforme a sua vontade (At 1.5; 2.4; 10.44-46; 19.1-7);\t\t\t\t\t\t<\/div>\n\t\t\t\t<\/div>\n\t\t\t\t<div class=\"elementor-element elementor-element-dcd1420 elementor-widget elementor-widget-text-editor\" data-id=\"dcd1420\" data-element_type=\"widget\" data-widget_type=\"text-editor.default\">\n\t\t\t\t<div class=\"elementor-widget-container\">\n\t\t\t\t\t\t\t12) Na atualidade dos dons espirituais distribu\u00eddos pelo Esp\u00edrito Santo \u00e0 Igreja para sua edifica\u00e7\u00e3o, conforme Sua soberana vontade para o que for \u00fatil (1Co 12.1-12);\t\t\t\t\t\t<\/div>\n\t\t\t\t<\/div>\n\t\t\t\t<div class=\"elementor-element elementor-element-4166eb5 elementor-widget elementor-widget-text-editor\" data-id=\"4166eb5\" data-element_type=\"widget\" data-widget_type=\"text-editor.default\">\n\t\t\t\t<div class=\"elementor-widget-container\">\n\t\t\t\t\t\t\t13) Na segunda vinda de Cristo, em duas fases distintas: a primeira \u2014 invis\u00edvel ao mundo, para arrebatar a Sua Igreja, antes da Grande Tribula\u00e7\u00e3o; a segunda \u2014 vis\u00edvel e corporal, com a Sua Igreja glorificada, para reinar sobre o mundo durante mil anos (1Ts 4.16, 17; 1Co 15.51-54; Ap 20.4; Zc 14.5; Jd 14);\t\t\t\t\t\t<\/div>\n\t\t\t\t<\/div>\n\t\t\t\t<div class=\"elementor-element elementor-element-bce6464 elementor-widget elementor-widget-text-editor\" data-id=\"bce6464\" data-element_type=\"widget\" data-widget_type=\"text-editor.default\">\n\t\t\t\t<div class=\"elementor-widget-container\">\n\t\t\t\t\t\t\t14) No comparecimento ante o Tribunal de Cristo de todos os crist\u00e3os arrebatados, para receberem a recompensa pelos seus feitos em favor da causa de Cristo na Terra (2Co 5.10);\t\t\t\t\t\t<\/div>\n\t\t\t\t<\/div>\n\t\t\t\t<div class=\"elementor-element elementor-element-9ec910c elementor-widget elementor-widget-text-editor\" data-id=\"9ec910c\" data-element_type=\"widget\" data-widget_type=\"text-editor.default\">\n\t\t\t\t<div class=\"elementor-widget-container\">\n\t\t\t\t\t\t\t15) No Ju\u00edzo Final, onde comparecer\u00e3o todos os \u00edmpios: desde a Cria\u00e7\u00e3o at\u00e9 o fim do Mil\u00eanio; os que morreram durante o per\u00edodo milenial e os que, ao final desta \u00e9poca, estiverem vivos. E na eternidade de tristeza e tormento para os infi\u00e9is e vida eterna de gozo e felicidade para os fi\u00e9is de todos os tempos (Mt 25.46; Is 65.20; Ap 20.11-15; 21.1-4);\t\t\t\t\t\t<\/div>\n\t\t\t\t<\/div>\n\t\t\t\t<div class=\"elementor-element elementor-element-04b4aa4 elementor-widget elementor-widget-text-editor\" data-id=\"04b4aa4\" data-element_type=\"widget\" data-widget_type=\"text-editor.default\">\n\t\t\t\t<div class=\"elementor-widget-container\">\n\t\t\t\t\t\t\t16) Cremos, tamb\u00e9m, que o casamento foi institu\u00eddo por Deus e ratificado por nosso Senhor Jesus Cristo como uni\u00e3o entre um homem e uma mulher, nascidos macho e f\u00eamea, respectivamente, em conformidade com o definido pelo sexo da cria\u00e7\u00e3o geneticamente determinado (Gn 2.18; Jo 2.1,2; Gn 2.24; 1.27).\t\t\t\t\t\t<\/div>\n\t\t\t\t<\/div>\n\t\t\t\t\t<\/div>\n\t\t\t\t<\/div>\n\t\t<div class=\"elementor-element elementor-element-e67a0d5 e-con-full e-flex e-con e-parent\" data-id=\"e67a0d5\" data-element_type=\"container\" data-settings=\"{&quot;content_width&quot;:&quot;full&quot;}\" data-core-v316-plus=\"true\">\n\t\t\t\t<div class=\"elementor-element elementor-element-82f6479 elementor-arrows-position-inside elementor-widget elementor-widget-image-carousel\" data-id=\"82f6479\" data-element_type=\"widget\" data-settings=\"{&quot;slides_to_show&quot;:&quot;1&quot;,&quot;navigation&quot;:&quot;arrows&quot;,&quot;pause_on_hover&quot;:&quot;no&quot;,&quot;pause_on_interaction&quot;:&quot;no&quot;,&quot;autoplay&quot;:&quot;yes&quot;,&quot;autoplay_speed&quot;:5000,&quot;infinite&quot;:&quot;yes&quot;,&quot;effect&quot;:&quot;slide&quot;,&quot;speed&quot;:500}\" data-widget_type=\"image-carousel.default\">\n\t\t\t\t<div class=\"elementor-widget-container\">\n\t\t\t\t\t<div class=\"elementor-image-carousel-wrapper swiper\" dir=\"ltr\">\n\t\t\t<div class=\"elementor-image-carousel swiper-wrapper swiper-image-stretch\" aria-live=\"off\">\n\t\t\t\t\t\t\t\t<div class=\"swiper-slide\" role=\"group\" aria-roledescription=\"slide\" aria-label=\"1 of 1\"><figure class=\"swiper-slide-inner\"><img decoding=\"async\" class=\"swiper-slide-image\" src=\"https:\/\/ceades.com.br\/site\/wp-content\/uploads\/2024\/01\/N8.png\" alt=\"N8\" \/><\/figure><\/div>\t\t\t<\/div>\n\t\t\t\t\t<\/div>\n\t\t\t\t<\/div>\n\t\t\t\t<\/div>\n\t\t\t\t<\/div>\n\t\t<div class=\"elementor-element elementor-element-d6857e6 e-flex e-con-boxed e-con e-parent\" data-id=\"d6857e6\" data-element_type=\"container\" data-settings=\"{&quot;content_width&quot;:&quot;boxed&quot;}\" data-core-v316-plus=\"true\">\n\t\t\t\t\t<div class=\"e-con-inner\">\n\t\t\t\t<div class=\"elementor-element elementor-element-af49da7 elementor-widget elementor-widget-heading\" data-id=\"af49da7\" data-element_type=\"widget\" data-widget_type=\"heading.default\">\n\t\t\t\t<div class=\"elementor-widget-container\">\n\t\t\t<h2 class=\"elementor-heading-title elementor-size-default\">CEADES  NEWS <\/h2>\t\t<\/div>\n\t\t\t\t<\/div>\n\t\t\t\t\t<\/div>\n\t\t\t\t<\/div>\n\t\t<div class=\"elementor-element elementor-element-fb3271f e-flex e-con-boxed e-con e-parent\" data-id=\"fb3271f\" data-element_type=\"container\" data-settings=\"{&quot;background_background&quot;:&quot;video&quot;,&quot;content_width&quot;:&quot;boxed&quot;}\" data-core-v316-plus=\"true\">\n\t\t\t\t\t<div class=\"e-con-inner\">\n\t\t\t\t<div class=\"elementor-element elementor-element-45f99ed elementor-widget elementor-widget-video\" data-id=\"45f99ed\" data-element_type=\"widget\" data-settings=\"{&quot;youtube_url&quot;:&quot;https:\\\/\\\/www.youtube.com\\\/watch?v=suHi5oLb_pw&amp;t=4s&quot;,&quot;video_type&quot;:&quot;youtube&quot;,&quot;controls&quot;:&quot;yes&quot;}\" data-widget_type=\"video.default\">\n\t\t\t\t<div class=\"elementor-widget-container\">\n\t\t\t<style>\/*! elementor - v3.16.0 - 20-09-2023 *\/\n.elementor-widget-video .elementor-widget-container{overflow:hidden;transform:translateZ(0)}.elementor-widget-video .elementor-wrapper{aspect-ratio:var(--video-aspect-ratio)}.elementor-widget-video .elementor-wrapper iframe,.elementor-widget-video .elementor-wrapper video{height:100%;width:100%;display:flex;border:none;background-color:#000}@supports not (aspect-ratio:1\/1){.elementor-widget-video .elementor-wrapper{position:relative;overflow:hidden;height:0;padding-bottom:calc(100% \/ var(--video-aspect-ratio))}.elementor-widget-video .elementor-wrapper iframe,.elementor-widget-video .elementor-wrapper video{position:absolute;top:0;right:0;bottom:0;left:0}}.elementor-widget-video .elementor-open-inline .elementor-custom-embed-image-overlay{position:absolute;top:0;right:0;bottom:0;left:0;background-size:cover;background-position:50%}.elementor-widget-video .elementor-custom-embed-image-overlay{cursor:pointer;text-align:center}.elementor-widget-video .elementor-custom-embed-image-overlay:hover .elementor-custom-embed-play i{opacity:1}.elementor-widget-video .elementor-custom-embed-image-overlay img{display:block;width:100%;aspect-ratio:var(--video-aspect-ratio);-o-object-fit:cover;object-fit:cover;-o-object-position:center center;object-position:center center}@supports not (aspect-ratio:1\/1){.elementor-widget-video .elementor-custom-embed-image-overlay{position:relative;overflow:hidden;height:0;padding-bottom:calc(100% \/ var(--video-aspect-ratio))}.elementor-widget-video .elementor-custom-embed-image-overlay img{position:absolute;top:0;right:0;bottom:0;left:0}}.elementor-widget-video .e-hosted-video .elementor-video{-o-object-fit:cover;object-fit:cover}.e-con-inner>.elementor-widget-video,.e-con>.elementor-widget-video{width:var(--container-widget-width);--flex-grow:var(--container-widget-flex-grow)}<\/style>\t\t<div class=\"elementor-wrapper elementor-open-inline\">\n\t\t\t<div class=\"elementor-video\"><\/div>\t\t<\/div>\n\t\t\t\t<\/div>\n\t\t\t\t<\/div>\n\t\t\t\t\t<\/div>\n\t\t\t\t<\/div>\n\t\t\t\t\t\t\t<\/div>\n\t\t","protected":false},"excerpt":{"rendered":"<p>CEADES O fundo hist\u00f3rico da CEADES foi a instala\u00e7\u00e3o da coordenadoria da CEADER (Conven\u00e7\u00e3o das AD no Rio de Janeiro) aqui no estado do Esp\u00edrito Santo pelo pastor Jos\u00e9 Marinaldo, que na ocasi\u00e3o presidia a institui\u00e7\u00e3o. A Coordenadoria Capixaba da Ceader ficou sob a dire\u00e7\u00e3o do pastor Mario Lucio dos Santos, que foi sucedido pelos [&hellip;]<\/p>\n","protected":false},"author":1,"featured_media":0,"parent":0,"menu_order":0,"comment_status":"closed","ping_status":"closed","template":"elementor_header_footer","meta":{"pg_page_styles":[],"footnotes":""},"class_list":["post-39","page","type-page","status-publish","hentry"],"_links":{"self":[{"href":"https:\/\/ceades.com.br\/site\/index.php?rest_route=\/wp\/v2\/pages\/39","targetHints":{"allow":["GET"]}}],"collection":[{"href":"https:\/\/ceades.com.br\/site\/index.php?rest_route=\/wp\/v2\/pages"}],"about":[{"href":"https:\/\/ceades.com.br\/site\/index.php?rest_route=\/wp\/v2\/types\/page"}],"author":[{"embeddable":true,"href":"https:\/\/ceades.com.br\/site\/index.php?rest_route=\/wp\/v2\/users\/1"}],"replies":[{"embeddable":true,"href":"https:\/\/ceades.com.br\/site\/index.php?rest_route=%2Fwp%2Fv2%2Fcomments&post=39"}],"version-history":[{"count":40,"href":"https:\/\/ceades.com.br\/site\/index.php?rest_route=\/wp\/v2\/pages\/39\/revisions"}],"predecessor-version":[{"id":3338,"href":"https:\/\/ceades.com.br\/site\/index.php?rest_route=\/wp\/v2\/pages\/39\/revisions\/3338"}],"wp:attachment":[{"href":"https:\/\/ceades.com.br\/site\/index.php?rest_route=%2Fwp%2Fv2%2Fmedia&parent=39"}],"curies":[{"name":"wp","href":"https:\/\/api.w.org\/{rel}","templated":true}]}}